{"id":5574,"date":"2023-11-10T12:40:43","date_gmt":"2023-11-10T12:40:43","guid":{"rendered":"http:\/\/manelruaixfoto.com\/portfoli\/"},"modified":"2026-02-10T08:49:31","modified_gmt":"2026-02-10T08:49:31","slug":"fotografia-motor","status":"publish","type":"page","link":"http:\/\/manelruaixfoto.com\/es\/fotografia-motor\/","title":{"rendered":"Portfolio &#8211; Fotograf\u00eda motor"},"content":{"rendered":"[vc_row type=\u00bbin_container\u00bb full_screen_row_position=\u00bbmiddle\u00bb column_margin=\u00bbdefault\u00bb column_direction=\u00bbdefault\u00bb column_direction_tablet=\u00bbdefault\u00bb column_direction_phone=\u00bbdefault\u00bb scene_position=\u00bbcenter\u00bb text_color=\u00bbdark\u00bb text_align=\u00bbleft\u00bb row_border_radius=\u00bbnone\u00bb row_border_radius_applies=\u00bbbg\u00bb overflow=\u00bbvisible\u00bb overlay_strength=\u00bb0.3&#8243; gradient_direction=\u00bbleft_to_right\u00bb shape_divider_position=\u00bbbottom\u00bb bg_image_animation=\u00bbnone\u00bb][vc_column column_padding=\u00bbno-extra-padding\u00bb column_padding_tablet=\u00bbinherit\u00bb column_padding_phone=\u00bbinherit\u00bb column_padding_position=\u00bball\u00bb column_element_direction_desktop=\u00bbdefault\u00bb column_element_spacing=\u00bbdefault\u00bb desktop_text_alignment=\u00bbdefault\u00bb tablet_text_alignment=\u00bbdefault\u00bb phone_text_alignment=\u00bbdefault\u00bb background_color_opacity=\u00bb1&#8243; background_hover_color_opacity=\u00bb1&#8243; column_backdrop_filter=\u00bbnone\u00bb column_shadow=\u00bbnone\u00bb column_border_radius=\u00bbnone\u00bb column_link_target=\u00bb_self\u00bb column_position=\u00bbdefault\u00bb gradient_direction=\u00bbleft_to_right\u00bb overlay_strength=\u00bb0.3&#8243; width=\u00bb1\/1&#8243; tablet_width_inherit=\u00bbdefault\u00bb animation_type=\u00bbdefault\u00bb bg_image_animation=\u00bbnone\u00bb border_type=\u00bbsimple\u00bb column_border_width=\u00bbnone\u00bb column_border_style=\u00bbsolid\u00bb][vc_column_text]\n<h1 style=\"text-align: center;\">Fotograf\u00eda deportiva<\/h1>\n<h2 style=\"text-align: center;\">Manel Ruaix<\/h2>\n<p style=\"text-align: center;\">Im\u00e1genes que congelan la pasi\u00f3n, el esfuerzo y el instante decisivo<\/p>\n[\/vc_column_text][\/vc_column][\/vc_row][vc_row type=\u00bbfull_width_content\u00bb full_screen_row_position=\u00bbmiddle\u00bb column_margin=\u00bbdefault\u00bb column_direction=\u00bbdefault\u00bb column_direction_tablet=\u00bbdefault\u00bb column_direction_phone=\u00bbdefault\u00bb bg_color=\u00bb#262626&#8243; scene_position=\u00bbcenter\u00bb top_padding=\u00bb50&#8243; constrain_group_1=\u00bbyes\u00bb bottom_padding=\u00bb50&#8243; top_padding_tablet=\u00bb25&#8243; constrain_group_3=\u00bbyes\u00bb bottom_padding_tablet=\u00bb25&#8243; text_color=\u00bblight\u00bb text_align=\u00bbleft\u00bb row_border_radius=\u00bbnone\u00bb row_border_radius_applies=\u00bbbg\u00bb overflow=\u00bbvisible\u00bb overlay_strength=\u00bb0.3&#8243; gradient_direction=\u00bbleft_to_right\u00bb shape_divider_position=\u00bbbottom\u00bb bg_image_animation=\u00bbnone\u00bb gradient_type=\u00bbdefault\u00bb shape_type=\u00bb\u00bb][vc_column column_padding=\u00bbno-extra-padding\u00bb column_padding_tablet=\u00bbinherit\u00bb column_padding_phone=\u00bbinherit\u00bb column_padding_position=\u00bball\u00bb column_element_direction_desktop=\u00bbdefault\u00bb column_element_spacing=\u00bbdefault\u00bb desktop_text_alignment=\u00bbdefault\u00bb tablet_text_alignment=\u00bbdefault\u00bb phone_text_alignment=\u00bbdefault\u00bb background_color_opacity=\u00bb1&#8243; background_hover_color_opacity=\u00bb1&#8243; column_backdrop_filter=\u00bbnone\u00bb column_shadow=\u00bbnone\u00bb column_border_radius=\u00bbnone\u00bb column_link_target=\u00bb_self\u00bb column_position=\u00bbdefault\u00bb gradient_direction=\u00bbleft_to_right\u00bb overlay_strength=\u00bb0.3&#8243; width=\u00bb1\/1&#8243; tablet_width_inherit=\u00bbdefault\u00bb animation_type=\u00bbdefault\u00bb bg_image_animation=\u00bbnone\u00bb border_type=\u00bbsimple\u00bb column_border_width=\u00bbnone\u00bb column_border_style=\u00bbsolid\u00bb][tabbed_section style=\u00bbminimal_flexible\u00bb tab_color=\u00bbAccent-Color\u00bb vs_content_animation=\u00bbfade\u00bb vs_link_animation=\u00bbopacity\u00bb vs_navigation_alignment=\u00bbleft\u00bb vs_navigation_width_2=\u00bb25%\u00bb vs_navigation_func=\u00bbdefault\u00bb vs_navigation_width=\u00bbregular\u00bb vs_navigation_spacing=\u00bb15px\u00bb vs_navigation_mobile_display=\u00bbvisible\u00bb vs_tab_spacing=\u00bb5%\u00bb icon_size=\u00bb24&#8243;][tab icon_family=\u00bbiconsmind\u00bb title=\u00bbTodas\u00bb id=\u00bb1770713230749-5&#8243; tab_id=\u00bb1770713230749-5&#8243;][vc_gallery type=\u00bbimage_grid\u00bb images=\u00bb5242,5241,5240,5239,5238,5237,5236,5235,5234,5233,5232,5231,5230,5229,5228,5227,5226,5225,5224,5223,5222,5221,5220,5219,5218,5217,5216,5215,5214,5213,5212,5211,5210,5209,5208,5207,5206,5205,5204,5203,5202,5201,5200,5199,5198,5197,5196,5195,5194,5193,5192,5191,5190,5189,5188,5187,5186,5185,5184,5183,5182,5181,5180,5179,5178,5177,5176,5175,5174,5173,5172,5171,5170,5169,5168,5167,5166,5165,5164,5163,5162,5161,5160,5159,5158,5157,5156,5155,5154,5153&#8243; image_grid_loading=\u00bbdefault\u00bb layout=\u00bbconstrained_fullwidth\u00bb masonry_style=\u00bbtrue\u00bb bypass_image_cropping=\u00bbtrue\u00bb item_spacing=\u00bb1px\u00bb gallery_style=\u00bb5&#8243; load_in_animation=\u00bbnone\u00bb][\/tab][tab icon_family=\u00bbnone\u00bb title=\u00bbRally\u00bb id=\u00bb1770713230760-0&#8243; tab_id=\u00bb1770713230760-8&#8243;][vc_gallery type=\u00bbimage_grid\u00bb images=\u00bb5241,5239,5238,5237,5236,5235,5230,5227,5228,5229,5218,5190,5180,5181,5182,5183,5184,5185,5189,5179,5178,5177,5176,5168,5167,5166,5165,5153,5154,5155&#8243; image_grid_loading=\u00bbdefault\u00bb layout=\u00bbconstrained_fullwidth\u00bb masonry_style=\u00bbtrue\u00bb bypass_image_cropping=\u00bbtrue\u00bb item_spacing=\u00bb1px\u00bb gallery_style=\u00bb5&#8243; load_in_animation=\u00bbnone\u00bb][\/tab][tab icon_family=\u00bbiconsmind\u00bb title=\u00bbOffroad\u00bb id=\u00bb1770713230767-3&#8243; tab_id=\u00bb1770713230767-0&#8243;][vc_gallery type=\u00bbimage_grid\u00bb images=\u00bb5242,5233,5232,5221,5220,5222,5223,5224,5195,5194,5193,5192,5191,5186,5187,5188&#8243; image_grid_loading=\u00bbdefault\u00bb layout=\u00bbconstrained_fullwidth\u00bb masonry_style=\u00bbtrue\u00bb bypass_image_cropping=\u00bbtrue\u00bb item_spacing=\u00bb1px\u00bb gallery_style=\u00bb5&#8243; load_in_animation=\u00bbnone\u00bb][\/tab][tab icon_family=\u00bbiconsmind\u00bb title=\u00bbEnduro\u00bb id=\u00bb1770713230770-4&#8243; tab_id=\u00bb1770713230771-10&#8243;][vc_gallery type=\u00bbimage_grid\u00bb images=\u00bb5240,5234,5231,5226,5225&#8243; image_grid_loading=\u00bbdefault\u00bb layout=\u00bbconstrained_fullwidth\u00bb masonry_style=\u00bbtrue\u00bb bypass_image_cropping=\u00bbtrue\u00bb item_spacing=\u00bb1px\u00bb gallery_style=\u00bb5&#8243; load_in_animation=\u00bbnone\u00bb][\/tab][tab icon_family=\u00bbiconsmind\u00bb title=\u00bbCiclismo\u00bb id=\u00bb1770713230777-4&#8243; tab_id=\u00bb1770713230777-4&#8243;][vc_gallery type=\u00bbimage_grid\u00bb images=\u00bb5212,5211,5207,5206,5205,5204,5203,5202,5196&#8243; image_grid_loading=\u00bbdefault\u00bb layout=\u00bbconstrained_fullwidth\u00bb masonry_style=\u00bbtrue\u00bb bypass_image_cropping=\u00bbtrue\u00bb item_spacing=\u00bb1px\u00bb gallery_style=\u00bb5&#8243; load_in_animation=\u00bbnone\u00bb][\/tab][tab icon_family=\u00bbiconsmind\u00bb title=\u00bbCarreras\u00bb id=\u00bb1770713230783-9&#8243; tab_id=\u00bb1770713230784-2&#8243;][vc_gallery type=\u00bbimage_grid\u00bb images=\u00bb5199,5209,5210,5200,5208,5201,5198,5197&#8243; image_grid_loading=\u00bbdefault\u00bb layout=\u00bbconstrained_fullwidth\u00bb masonry_style=\u00bbtrue\u00bb bypass_image_cropping=\u00bbtrue\u00bb item_spacing=\u00bb1px\u00bb gallery_style=\u00bb5&#8243; load_in_animation=\u00bbnone\u00bb][\/tab][tab icon_family=\u00bbiconsmind\u00bb title=\u00bbEquitaci\u00f3n\u00bb id=\u00bb1770713230788-5&#8243; tab_id=\u00bb1770713230788-0&#8243;][vc_gallery type=\u00bbimage_grid\u00bb images=\u00bb5217,5216,5213,5214,5215&#8243; image_grid_loading=\u00bbdefault\u00bb layout=\u00bbconstrained_fullwidth\u00bb masonry_style=\u00bbtrue\u00bb bypass_image_cropping=\u00bbtrue\u00bb item_spacing=\u00bb1px\u00bb gallery_style=\u00bb5&#8243; load_in_animation=\u00bbnone\u00bb][\/tab][tab icon_family=\u00bbiconsmind\u00bb title=\u00bbDetalle\u00bb id=\u00bb1770713230794-0&#8243; tab_id=\u00bb1770713230794-10&#8243;][vc_gallery type=\u00bbimage_grid\u00bb images=\u00bb5174,5173,5172,5175,5171,5170,5169,5164,5163,5162,5156,5161,5160,5159,5157&#8243; image_grid_loading=\u00bbdefault\u00bb layout=\u00bbconstrained_fullwidth\u00bb masonry_style=\u00bbtrue\u00bb bypass_image_cropping=\u00bbtrue\u00bb item_spacing=\u00bb1px\u00bb gallery_style=\u00bb5&#8243; load_in_animation=\u00bbnone\u00bb][\/tab][\/tabbed_section][\/vc_column][\/vc_row]\n","protected":false},"excerpt":{"rendered":"<p>[vc_row type=\u00bbin_container\u00bb full_screen_row_position=\u00bbmiddle\u00bb column_margin=\u00bbdefault\u00bb column_direction=\u00bbdefault\u00bb column_direction_tablet=\u00bbdefault\u00bb column_direction_phone=\u00bbdefault\u00bb scene_position=\u00bbcenter\u00bb text_color=\u00bbdark\u00bb text_align=\u00bbleft\u00bb row_border_radius=\u00bbnone\u00bb row_border_radius_applies=\u00bbbg\u00bb overflow=\u00bbvisible\u00bb overlay_strength=\u00bb0.3&#8243; gradient_direction=\u00bbleft_to_right\u00bb shape_divider_position=\u00bbbottom\u00bb bg_image_animation=\u00bbnone\u00bb][vc_column column_padding=\u00bbno-extra-padding\u00bb column_padding_tablet=\u00bbinherit\u00bb column_padding_phone=\u00bbinherit\u00bb column_padding_position=\u00bball\u00bb column_element_direction_desktop=\u00bbdefault\u00bb column_element_spacing=\u00bbdefault\u00bb desktop_text_alignment=\u00bbdefault\u00bb tablet_text_alignment=\u00bbdefault\u00bb phone_text_alignment=\u00bbdefault\u00bb background_color_opacity=\u00bb1&#8243; background_hover_color_opacity=\u00bb1&#8243; column_backdrop_filter=\u00bbnone\u00bb column_shadow=\u00bbnone\u00bb&#8230;<\/p>\n","protected":false},"author":1,"featured_media":0,"parent":0,"menu_order":0,"comment_status":"closed","ping_status":"closed","template":"","meta":{"footnotes":""},"class_list":["post-5574","page","type-page","status-publish"],"yoast_head":"<!-- This site is optimized with the Yoast SEO plugin v24.9 - https:\/\/yoast.com\/wordpress\/plugins\/seo\/ -->\n<title>Portfolio - Fotograf\u00eda motor - Manel Ruaix<\/title>\n<meta name=\"description\" content=\"Descubre la esencia de la velocidad con nuestra fotograf\u00eda de motor. Im\u00e1genes profesionales que destacan cada detalle y pasi\u00f3n.\" \/>\n<meta name=\"robots\" content=\"index, follow, max-snippet:-1, max-image-preview:large, max-video-preview:-1\" \/>\n<link rel=\"canonical\" href=\"http:\/\/manelruaixfoto.com\/es\/fotografia-motor\/\" \/>\n<meta property=\"og:locale\" content=\"es_ES\" \/>\n<meta property=\"og:type\" content=\"article\" \/>\n<meta property=\"og:title\" content=\"Portfolio - Fotograf\u00eda motor - Manel Ruaix\" \/>\n<meta property=\"og:description\" content=\"Descubre la esencia de la velocidad con nuestra fotograf\u00eda de motor. Im\u00e1genes profesionales que destacan cada detalle y pasi\u00f3n.\" \/>\n<meta property=\"og:url\" content=\"http:\/\/manelruaixfoto.com\/es\/fotografia-motor\/\" \/>\n<meta property=\"og:site_name\" content=\"Manel Ruaix\" \/>\n<meta property=\"article:modified_time\" content=\"2026-02-10T08:49:31+00:00\" \/>\n<meta name=\"twitter:card\" content=\"summary_large_image\" \/>\n<meta name=\"twitter:label1\" content=\"Tiempo de lectura\" \/>\n\t<meta name=\"twitter:data1\" content=\"37 minutos\" \/>\n<script type=\"application\/ld+json\" class=\"yoast-schema-graph\">{\"@context\":\"https:\/\/schema.org\",\"@graph\":[{\"@type\":\"WebPage\",\"@id\":\"http:\/\/manelruaixfoto.com\/es\/fotografia-motor\/\",\"url\":\"http:\/\/manelruaixfoto.com\/es\/fotografia-motor\/\",\"name\":\"Portfolio - Fotograf\u00eda motor - Manel Ruaix\",\"isPartOf\":{\"@id\":\"http:\/\/manelruaixfoto.com\/#website\"},\"datePublished\":\"2023-11-10T12:40:43+00:00\",\"dateModified\":\"2026-02-10T08:49:31+00:00\",\"description\":\"Descubre la esencia de la velocidad con nuestra fotograf\u00eda de motor. Im\u00e1genes profesionales que destacan cada detalle y pasi\u00f3n.\",\"breadcrumb\":{\"@id\":\"http:\/\/manelruaixfoto.com\/es\/fotografia-motor\/#breadcrumb\"},\"inLanguage\":\"es\",\"potentialAction\":[{\"@type\":\"ReadAction\",\"target\":[\"http:\/\/manelruaixfoto.com\/es\/fotografia-motor\/\"]}]},{\"@type\":\"BreadcrumbList\",\"@id\":\"http:\/\/manelruaixfoto.com\/es\/fotografia-motor\/#breadcrumb\",\"itemListElement\":[{\"@type\":\"ListItem\",\"position\":1,\"name\":\"Portada\",\"item\":\"http:\/\/manelruaixfoto.com\/es\/\"},{\"@type\":\"ListItem\",\"position\":2,\"name\":\"Portfolio &#8211; Fotograf\u00eda motor\"}]},{\"@type\":\"WebSite\",\"@id\":\"http:\/\/manelruaixfoto.com\/#website\",\"url\":\"http:\/\/manelruaixfoto.com\/\",\"name\":\"Manel Ruaix\",\"description\":\"\",\"publisher\":{\"@id\":\"http:\/\/manelruaixfoto.com\/#\/schema\/person\/ded0320ad954e29f0b411dc5a42df705\"},\"potentialAction\":[{\"@type\":\"SearchAction\",\"target\":{\"@type\":\"EntryPoint\",\"urlTemplate\":\"http:\/\/manelruaixfoto.com\/?s={search_term_string}\"},\"query-input\":{\"@type\":\"PropertyValueSpecification\",\"valueRequired\":true,\"valueName\":\"search_term_string\"}}],\"inLanguage\":\"es\"},{\"@type\":[\"Person\",\"Organization\"],\"@id\":\"http:\/\/manelruaixfoto.com\/#\/schema\/person\/ded0320ad954e29f0b411dc5a42df705\",\"name\":\"manelruaix\",\"image\":{\"@type\":\"ImageObject\",\"inLanguage\":\"es\",\"@id\":\"http:\/\/manelruaixfoto.com\/#\/schema\/person\/image\/\",\"url\":\"http:\/\/manelruaixfoto.com\/wp-content\/uploads\/2023\/11\/cropped-www.manelruaixfoto.com__L0A1628.webp\",\"contentUrl\":\"http:\/\/manelruaixfoto.com\/wp-content\/uploads\/2023\/11\/cropped-www.manelruaixfoto.com__L0A1628.webp\",\"width\":512,\"height\":512,\"caption\":\"manelruaix\"},\"logo\":{\"@id\":\"http:\/\/manelruaixfoto.com\/#\/schema\/person\/image\/\"}}]}<\/script>\n<!-- \/ Yoast SEO plugin. -->","yoast_head_json":{"title":"Portfolio - Fotograf\u00eda motor - Manel Ruaix","description":"Descubre la esencia de la velocidad con nuestra fotograf\u00eda de motor. Im\u00e1genes profesionales que destacan cada detalle y pasi\u00f3n.","robots":{"index":"index","follow":"follow","max-snippet":"max-snippet:-1","max-image-preview":"max-image-preview:large","max-video-preview":"max-video-preview:-1"},"canonical":"http:\/\/manelruaixfoto.com\/es\/fotografia-motor\/","og_locale":"es_ES","og_type":"article","og_title":"Portfolio - Fotograf\u00eda motor - Manel Ruaix","og_description":"Descubre la esencia de la velocidad con nuestra fotograf\u00eda de motor. Im\u00e1genes profesionales que destacan cada detalle y pasi\u00f3n.","og_url":"http:\/\/manelruaixfoto.com\/es\/fotografia-motor\/","og_site_name":"Manel Ruaix","article_modified_time":"2026-02-10T08:49:31+00:00","twitter_card":"summary_large_image","twitter_misc":{"Tiempo de lectura":"37 minutos"},"schema":{"@context":"https:\/\/schema.org","@graph":[{"@type":"WebPage","@id":"http:\/\/manelruaixfoto.com\/es\/fotografia-motor\/","url":"http:\/\/manelruaixfoto.com\/es\/fotografia-motor\/","name":"Portfolio - Fotograf\u00eda motor - Manel Ruaix","isPartOf":{"@id":"http:\/\/manelruaixfoto.com\/#website"},"datePublished":"2023-11-10T12:40:43+00:00","dateModified":"2026-02-10T08:49:31+00:00","description":"Descubre la esencia de la velocidad con nuestra fotograf\u00eda de motor. Im\u00e1genes profesionales que destacan cada detalle y pasi\u00f3n.","breadcrumb":{"@id":"http:\/\/manelruaixfoto.com\/es\/fotografia-motor\/#breadcrumb"},"inLanguage":"es","potentialAction":[{"@type":"ReadAction","target":["http:\/\/manelruaixfoto.com\/es\/fotografia-motor\/"]}]},{"@type":"BreadcrumbList","@id":"http:\/\/manelruaixfoto.com\/es\/fotografia-motor\/#breadcrumb","itemListElement":[{"@type":"ListItem","position":1,"name":"Portada","item":"http:\/\/manelruaixfoto.com\/es\/"},{"@type":"ListItem","position":2,"name":"Portfolio &#8211; Fotograf\u00eda motor"}]},{"@type":"WebSite","@id":"http:\/\/manelruaixfoto.com\/#website","url":"http:\/\/manelruaixfoto.com\/","name":"Manel Ruaix","description":"","publisher":{"@id":"http:\/\/manelruaixfoto.com\/#\/schema\/person\/ded0320ad954e29f0b411dc5a42df705"},"potentialAction":[{"@type":"SearchAction","target":{"@type":"EntryPoint","urlTemplate":"http:\/\/manelruaixfoto.com\/?s={search_term_string}"},"query-input":{"@type":"PropertyValueSpecification","valueRequired":true,"valueName":"search_term_string"}}],"inLanguage":"es"},{"@type":["Person","Organization"],"@id":"http:\/\/manelruaixfoto.com\/#\/schema\/person\/ded0320ad954e29f0b411dc5a42df705","name":"manelruaix","image":{"@type":"ImageObject","inLanguage":"es","@id":"http:\/\/manelruaixfoto.com\/#\/schema\/person\/image\/","url":"http:\/\/manelruaixfoto.com\/wp-content\/uploads\/2023\/11\/cropped-www.manelruaixfoto.com__L0A1628.webp","contentUrl":"http:\/\/manelruaixfoto.com\/wp-content\/uploads\/2023\/11\/cropped-www.manelruaixfoto.com__L0A1628.webp","width":512,"height":512,"caption":"manelruaix"},"logo":{"@id":"http:\/\/manelruaixfoto.com\/#\/schema\/person\/image\/"}}]}},"_links":{"self":[{"href":"http:\/\/manelruaixfoto.com\/es\/wp-json\/wp\/v2\/pages\/5574","targetHints":{"allow":["GET"]}}],"collection":[{"href":"http:\/\/manelruaixfoto.com\/es\/wp-json\/wp\/v2\/pages"}],"about":[{"href":"http:\/\/manelruaixfoto.com\/es\/wp-json\/wp\/v2\/types\/page"}],"author":[{"embeddable":true,"href":"http:\/\/manelruaixfoto.com\/es\/wp-json\/wp\/v2\/users\/1"}],"replies":[{"embeddable":true,"href":"http:\/\/manelruaixfoto.com\/es\/wp-json\/wp\/v2\/comments?post=5574"}],"version-history":[{"count":5,"href":"http:\/\/manelruaixfoto.com\/es\/wp-json\/wp\/v2\/pages\/5574\/revisions"}],"predecessor-version":[{"id":5642,"href":"http:\/\/manelruaixfoto.com\/es\/wp-json\/wp\/v2\/pages\/5574\/revisions\/5642"}],"wp:attachment":[{"href":"http:\/\/manelruaixfoto.com\/es\/wp-json\/wp\/v2\/media?parent=5574"}],"curies":[{"name":"wp","href":"https:\/\/api.w.org\/{rel}","templated":true}]}}