{"id":5571,"date":"2023-11-10T08:55:11","date_gmt":"2023-11-10T08:55:11","guid":{"rendered":"http:\/\/manelruaixfoto.com\/inici\/"},"modified":"2024-11-19T09:07:22","modified_gmt":"2024-11-19T09:07:22","slug":"fotografo-deportivo","status":"publish","type":"page","link":"http:\/\/manelruaixfoto.com\/es\/","title":{"rendered":"Inicio &#8211; Fot\u00f3grafo deportivo"},"content":{"rendered":"[vc_row type=\u00bbfull_width_content\u00bb full_screen_row_position=\u00bbmiddle\u00bb column_margin=\u00bbdefault\u00bb column_direction=\u00bbdefault\u00bb column_direction_tablet=\u00bbdefault\u00bb column_direction_phone=\u00bbdefault\u00bb scene_position=\u00bbcenter\u00bb text_color=\u00bbdark\u00bb text_align=\u00bbleft\u00bb row_border_radius=\u00bbnone\u00bb row_border_radius_applies=\u00bbbg\u00bb overflow=\u00bbvisible\u00bb overlay_strength=\u00bb0.3&#8243; gradient_direction=\u00bbleft_to_right\u00bb shape_divider_position=\u00bbbottom\u00bb bg_image_animation=\u00bbnone\u00bb gradient_type=\u00bbdefault\u00bb shape_type=\u00bb\u00bb][vc_column column_padding=\u00bbno-extra-padding\u00bb column_padding_tablet=\u00bbinherit\u00bb column_padding_phone=\u00bbinherit\u00bb column_padding_position=\u00bball\u00bb column_element_direction_desktop=\u00bbdefault\u00bb column_element_spacing=\u00bbdefault\u00bb desktop_text_alignment=\u00bbdefault\u00bb tablet_text_alignment=\u00bbdefault\u00bb phone_text_alignment=\u00bbdefault\u00bb background_color_opacity=\u00bb1&#8243; background_hover_color_opacity=\u00bb1&#8243; column_backdrop_filter=\u00bbnone\u00bb column_shadow=\u00bbnone\u00bb column_border_radius=\u00bbnone\u00bb column_link_target=\u00bb_self\u00bb column_position=\u00bbdefault\u00bb gradient_direction=\u00bbleft_to_right\u00bb overlay_strength=\u00bb0.3&#8243; width=\u00bb1\/1&#8243; tablet_width_inherit=\u00bbdefault\u00bb animation_type=\u00bbdefault\u00bb bg_image_animation=\u00bbnone\u00bb border_type=\u00bbsimple\u00bb column_border_width=\u00bbnone\u00bb column_border_style=\u00bbsolid\u00bb][carousel script=\u00bbsimple_slider\u00bb simple_slider_sizing=\u00bbpercentage\u00bb simple_slider_height=\u00bb100vh\u00bb simple_slider_pagination_controls=\u00bbtrue\u00bb simple_slider_pagination_coloring=\u00bblight\u00bb simple_slider_pagination_alignment=\u00bbdefault\u00bb simple_slider_transition_type=\u00bbslide\u00bb simple_slider_parallax=\u00bbtrue\u00bb simple_slider_wrap=\u00bbtrue\u00bb autorotate=\u00bbtrue\u00bb autorotate_type=\u00bbdefault\u00bb autorotation_speed=\u00bb3000&#8243;][item simple_slider_bg_image_url=\u00bb5181&#8243; simple_slider_bg_image_position=\u00bbdefault\u00bb simple_slider_overlay_strength=\u00bb0.3&#8243; simple_slider_bg_image_loading=\u00bbdefault\u00bb id=\u00bb1700552100750-0&#8243; tab_id=\u00bb1700552100751-5&#8243; title=\u00bbItem\u00bb][vc_column_text][\/vc_column_text][\/item][item simple_slider_bg_image_url=\u00bb5157&#8243; simple_slider_bg_image_position=\u00bbdefault\u00bb simple_slider_overlay_strength=\u00bb0.3&#8243; simple_slider_bg_image_loading=\u00bbdefault\u00bb id=\u00bb1700552100830-6&#8243; tab_id=\u00bb1700552100831-6&#8243; title=\u00bbItem\u00bb][vc_column_text][\/vc_column_text][\/item][item simple_slider_bg_image_url=\u00bb5163&#8243; simple_slider_bg_image_position=\u00bbdefault\u00bb simple_slider_overlay_strength=\u00bb0.3&#8243; simple_slider_bg_image_loading=\u00bbdefault\u00bb id=\u00bb1700552100894-7&#8243; tab_id=\u00bb1700552100895-8&#8243; title=\u00bbItem\u00bb][vc_column_text][\/vc_column_text][\/item][item simple_slider_bg_image_url=\u00bb5160&#8243; simple_slider_bg_image_position=\u00bbdefault\u00bb simple_slider_overlay_strength=\u00bb0.3&#8243; simple_slider_bg_image_loading=\u00bbdefault\u00bb id=\u00bb1700552100928-2&#8243; tab_id=\u00bb1700552100929-7&#8243; title=\u00bbItem\u00bb][vc_column_text][\/vc_column_text][\/item][\/carousel][\/vc_column][\/vc_row][vc_row type=\u00bbfull_width_content\u00bb full_screen_row_position=\u00bbmiddle\u00bb column_margin=\u00bbdefault\u00bb column_direction=\u00bbdefault\u00bb column_direction_tablet=\u00bbdefault\u00bb column_direction_phone=\u00bbdefault\u00bb bg_color=\u00bb#262626&#8243; scene_position=\u00bbcenter\u00bb top_padding=\u00bb75&#8243; bottom_padding=\u00bb30&#8243; text_color=\u00bbdark\u00bb text_align=\u00bbleft\u00bb row_border_radius=\u00bbnone\u00bb row_border_radius_applies=\u00bbbg\u00bb overflow=\u00bbvisible\u00bb overlay_strength=\u00bb0.3&#8243; gradient_direction=\u00bbleft_to_right\u00bb shape_divider_position=\u00bbbottom\u00bb bg_image_animation=\u00bbnone\u00bb gradient_type=\u00bbdefault\u00bb shape_type=\u00bb\u00bb][vc_column column_padding=\u00bbno-extra-padding\u00bb column_padding_tablet=\u00bbinherit\u00bb column_padding_phone=\u00bbinherit\u00bb column_padding_position=\u00bball\u00bb column_element_direction_desktop=\u00bbdefault\u00bb column_element_spacing=\u00bbdefault\u00bb desktop_text_alignment=\u00bbdefault\u00bb tablet_text_alignment=\u00bbdefault\u00bb phone_text_alignment=\u00bbdefault\u00bb background_color_opacity=\u00bb1&#8243; background_hover_color_opacity=\u00bb1&#8243; column_backdrop_filter=\u00bbnone\u00bb column_shadow=\u00bbnone\u00bb column_border_radius=\u00bbnone\u00bb column_link_target=\u00bb_self\u00bb column_position=\u00bbdefault\u00bb gradient_direction=\u00bbleft_to_right\u00bb overlay_strength=\u00bb0.3&#8243; width=\u00bb1\/1&#8243; tablet_width_inherit=\u00bbdefault\u00bb animation_type=\u00bbdefault\u00bb bg_image_animation=\u00bbnone\u00bb border_type=\u00bbsimple\u00bb column_border_width=\u00bbnone\u00bb column_border_style=\u00bbsolid\u00bb column_padding_type=\u00bbdefault\u00bb gradient_type=\u00bbdefault\u00bb][nectar_scrolling_text scroll_direction=\u00bbltr\u00bb scroll_speed=\u00bbslowest\u00bb text_color=\u00bb#777777&#8243; style=\u00bbdefault\u00bb text_repeat_number=\u00bb2&#8243; text_repeat_divider=\u00bbnone\u00bb overflow=\u00bbhidden\u00bb background_image_animation=\u00bbNone\u00bb]\n<h3>\u00a0 RALLY\u00a0 &#8211;\u00a0 ENDURO\u00a0 &#8211;\u00a0 CICLISMO\u00a0 &#8211;\u00a0 OFFROAD\u00a0 &#8211;\u00a0 CARRERAS\u00a0 &#8211;\u00a0 \u00a0EQUITACI\u00d3N\u00a0 &#8211;<\/h3>\n[\/nectar_scrolling_text][vc_gallery type=\u00bbimage_grid\u00bb images=\u00bb5234,5210,5212,5233,5192,5216,5219,5220,5226,5241,5214&#8243; image_grid_loading=\u00bbdefault\u00bb layout=\u00bbconstrained_fullwidth\u00bb masonry_style=\u00bbtrue\u00bb item_spacing=\u00bb1px\u00bb gallery_style=\u00bb5&#8243; load_in_animation=\u00bbnone\u00bb][vc_row_inner equal_height=\u00bbyes\u00bb content_placement=\u00bbmiddle\u00bb column_margin=\u00bbdefault\u00bb column_direction=\u00bbdefault\u00bb column_direction_tablet=\u00bbdefault\u00bb column_direction_phone=\u00bbdefault\u00bb top_padding=\u00bb30&#8243; bottom_padding=\u00bb15&#8243; left_padding_desktop=\u00bb100&#8243; constrain_group_2=\u00bbyes\u00bb right_padding_desktop=\u00bb100&#8243; top_padding_tablet=\u00bb25&#8243; left_padding_tablet=\u00bb25&#8243; constrain_group_4=\u00bbyes\u00bb right_padding_tablet=\u00bb25&#8243; text_align=\u00bbleft\u00bb row_position=\u00bbdefault\u00bb row_position_tablet=\u00bbinherit\u00bb row_position_phone=\u00bbinherit\u00bb overflow=\u00bbvisible\u00bb pointer_events=\u00bball\u00bb][vc_column_inner column_padding=\u00bbno-extra-padding\u00bb column_padding_tablet=\u00bbinherit\u00bb column_padding_phone=\u00bbinherit\u00bb column_padding_position=\u00bball\u00bb column_element_direction_desktop=\u00bbdefault\u00bb column_element_spacing=\u00bbdefault\u00bb centered_text=\u00bbtrue\u00bb desktop_text_alignment=\u00bbdefault\u00bb tablet_text_alignment=\u00bbdefault\u00bb phone_text_alignment=\u00bbdefault\u00bb background_color_opacity=\u00bb1&#8243; background_hover_color_opacity=\u00bb1&#8243; column_backdrop_filter=\u00bbnone\u00bb column_shadow=\u00bbnone\u00bb column_border_radius=\u00bbnone\u00bb column_link_target=\u00bb_self\u00bb overflow=\u00bbvisible\u00bb gradient_direction=\u00bbleft_to_right\u00bb overlay_strength=\u00bb0.3&#8243; width=\u00bb1\/1&#8243; tablet_width_inherit=\u00bbdefault\u00bb animation_type=\u00bbdefault\u00bb bg_image_animation=\u00bbnone\u00bb border_type=\u00bbsimple\u00bb column_border_width=\u00bbnone\u00bb column_border_style=\u00bbsolid\u00bb column_padding_type=\u00bbdefault\u00bb gradient_type=\u00bbdefault\u00bb][nectar_btn size=\u00bbjumbo\u00bb button_style=\u00bbregular\u00bb button_color_2=\u00bbAccent-Color\u00bb solid_text_color_override=\u00bb#232323&#8243; icon_family=\u00bbdefault_arrow\u00bb text=\u00bbExplora todas las fotograf\u00edas\u00bb url=\u00bbhttp:\/\/manelruaixfoto.com\/es\/portfoli\/\u00bb][\/vc_column_inner][\/vc_row_inner][\/vc_column][\/vc_row][vc_row type=\u00bbfull_width_content\u00bb full_screen_row_position=\u00bbmiddle\u00bb column_margin=\u00bbdefault\u00bb column_direction=\u00bbdefault\u00bb column_direction_tablet=\u00bbdefault\u00bb column_direction_phone=\u00bbdefault\u00bb bg_color=\u00bb#262626&#8243; scene_position=\u00bbcenter\u00bb bottom_padding=\u00bb100&#8243; constrain_group_2=\u00bbyes\u00bb text_color=\u00bbdark\u00bb text_align=\u00bbleft\u00bb row_border_radius=\u00bbnone\u00bb row_border_radius_applies=\u00bbbg\u00bb overflow=\u00bbvisible\u00bb overlay_strength=\u00bb0.3&#8243; gradient_direction=\u00bbleft_to_right\u00bb shape_divider_position=\u00bbbottom\u00bb bg_image_animation=\u00bbnone\u00bb gradient_type=\u00bbdefault\u00bb shape_type=\u00bb\u00bb][vc_column column_padding=\u00bbpadding-4-percent\u00bb column_padding_tablet=\u00bbinherit\u00bb column_padding_phone=\u00bbinherit\u00bb column_padding_position=\u00bball\u00bb column_element_direction_desktop=\u00bbdefault\u00bb column_element_spacing=\u00bbdefault\u00bb desktop_text_alignment=\u00bbdefault\u00bb tablet_text_alignment=\u00bbdefault\u00bb phone_text_alignment=\u00bbdefault\u00bb background_color_opacity=\u00bb1&#8243; background_hover_color_opacity=\u00bb1&#8243; background_image=\u00bb5154&#8243; background_image_position=\u00bbcenter center\u00bb background_image_stacking=\u00bbdefault\u00bb enable_bg_scale=\u00bbtrue\u00bb background_image_loading=\u00bbdefault\u00bb column_backdrop_filter=\u00bbnone\u00bb column_shadow=\u00bbmedium_depth\u00bb column_border_radius=\u00bbnone\u00bb column_link_target=\u00bb_self\u00bb column_position=\u00bbdefault\u00bb enable_gradient=\u00bbtrue\u00bb color_overlay=\u00bb#000000&#8243; gradient_direction=\u00bbleft_to_right\u00bb overlay_strength=\u00bb0.5&#8243; width=\u00bb1\/1&#8243; tablet_width_inherit=\u00bbdefault\u00bb animation_type=\u00bbdefault\u00bb bg_image_animation=\u00bbnone\u00bb parallax_bg=\u00bbtrue\u00bb parallax_bg_speed=\u00bbfast\u00bb border_type=\u00bbsimple\u00bb column_border_width=\u00bbnone\u00bb column_border_style=\u00bbsolid\u00bb column_padding_type=\u00bbdefault\u00bb gradient_type=\u00bbdefault\u00bb][split_line_heading animation_type=\u00bbline-reveal-by-space\u00bb font_style=\u00bbh4&#8243; text_color=\u00bb#ffffff\u00bb line_reveal_by_space_text_effect=\u00bbdefault\u00bb content_alignment=\u00bbdefault\u00bb mobile_content_alignment=\u00bbinherit\u00bb link_target=\u00bb_self\u00bb text_content=\u00bb\u00bfQuieres m\u00e1s informaci\u00f3n?\u00bb][\/split_line_heading][nectar_btn size=\u00bbjumbo\u00bb button_style=\u00bbregular\u00bb button_color_2=\u00bbAccent-Color\u00bb color_override=\u00bb#ffffff\u00bb solid_text_color_override=\u00bb#1e1e1e\u00bb icon_family=\u00bbdefault_arrow\u00bb text=\u00bbPonte en contacto\u00bb url=\u00bbhttp:\/\/manelruaixfoto.com\/es\/contacte\/\u00bb][vc_row_inner column_margin=\u00bbdefault\u00bb column_direction=\u00bbdefault\u00bb column_direction_tablet=\u00bbdefault\u00bb column_direction_phone=\u00bbdefault\u00bb text_align=\u00bbleft\u00bb row_position=\u00bbdefault\u00bb row_position_tablet=\u00bbinherit\u00bb row_position_phone=\u00bbinherit\u00bb overflow=\u00bbvisible\u00bb pointer_events=\u00bball\u00bb][vc_column_inner column_padding=\u00bbno-extra-padding\u00bb column_padding_tablet=\u00bbinherit\u00bb column_padding_phone=\u00bbinherit\u00bb column_padding_position=\u00bball\u00bb column_element_direction_desktop=\u00bbhorizontal\u00bb column_element_alignment=\u00bbcenter\u00bb column_element_spacing=\u00bbdefault\u00bb desktop_text_alignment=\u00bbdefault\u00bb tablet_text_alignment=\u00bbdefault\u00bb phone_text_alignment=\u00bbdefault\u00bb background_color_opacity=\u00bb1&#8243; background_hover_color_opacity=\u00bb1&#8243; column_backdrop_filter=\u00bbnone\u00bb column_shadow=\u00bbnone\u00bb column_border_radius=\u00bbnone\u00bb column_link_target=\u00bb_self\u00bb overflow=\u00bbvisible\u00bb gradient_direction=\u00bbleft_to_right\u00bb overlay_strength=\u00bb0.3&#8243; width=\u00bb1\/2&#8243; tablet_width_inherit=\u00bbdefault\u00bb animation_type=\u00bbdefault\u00bb bg_image_animation=\u00bbnone\u00bb border_type=\u00bbsimple\u00bb column_border_width=\u00bbnone\u00bb column_border_style=\u00bbsolid\u00bb column_padding_type=\u00bbdefault\u00bb gradient_type=\u00bbdefault\u00bb][nectar_icon icon_family=\u00bbfontawesome\u00bb icon_style=\u00bbdefault\u00bb icon_color_type=\u00bbcolor_scheme\u00bb icon_color=\u00bbAccent-Color\u00bb open_new_tab=\u00bbtrue\u00bb icon_padding=\u00bb15px\u00bb pointer_events=\u00bball\u00bb icon_fontawesome=\u00bbfa fa-facebook-square\u00bb icon_size=\u00bb35&#8243; url=\u00bbhttps:\/\/www.facebook.com\/ManelRuaixFoto\/?ref=settings\u00bb][nectar_icon icon_family=\u00bbfontawesome\u00bb icon_style=\u00bbdefault\u00bb icon_color_type=\u00bbcolor_scheme\u00bb icon_color=\u00bbAccent-Color\u00bb open_new_tab=\u00bbtrue\u00bb icon_padding=\u00bb15px\u00bb pointer_events=\u00bball\u00bb icon_fontawesome=\u00bbfa fa-instagram\u00bb icon_size=\u00bb35&#8243; url=\u00bbhttps:\/\/www.instagram.com\/manelruaixfoto\/\u00bb][nectar_icon icon_family=\u00bbfontawesome\u00bb icon_style=\u00bbdefault\u00bb icon_color_type=\u00bbcolor_scheme\u00bb icon_color=\u00bbAccent-Color\u00bb open_new_tab=\u00bbtrue\u00bb icon_padding=\u00bb15px\u00bb pointer_events=\u00bball\u00bb icon_fontawesome=\u00bbfa fa-youtube-play\u00bb icon_size=\u00bb38&#8243; url=\u00bbhttps:\/\/www.youtube.com\/channel\/UCJTUCXtXRqTxynjwK-J3VYQ?view_as=subscriber\u00bb][\/vc_column_inner][vc_column_inner column_padding=\u00bbno-extra-padding\u00bb column_padding_tablet=\u00bbinherit\u00bb column_padding_phone=\u00bbinherit\u00bb column_padding_position=\u00bball\u00bb column_element_direction_desktop=\u00bbdefault\u00bb column_element_spacing=\u00bbdefault\u00bb desktop_text_alignment=\u00bbdefault\u00bb tablet_text_alignment=\u00bbdefault\u00bb phone_text_alignment=\u00bbdefault\u00bb background_color_opacity=\u00bb1&#8243; background_hover_color_opacity=\u00bb1&#8243; column_backdrop_filter=\u00bbnone\u00bb column_shadow=\u00bbnone\u00bb column_border_radius=\u00bbnone\u00bb column_link_target=\u00bb_self\u00bb overflow=\u00bbvisible\u00bb gradient_direction=\u00bbleft_to_right\u00bb overlay_strength=\u00bb0.3&#8243; width=\u00bb1\/2&#8243; tablet_width_inherit=\u00bbdefault\u00bb animation_type=\u00bbdefault\u00bb bg_image_animation=\u00bbnone\u00bb border_type=\u00bbsimple\u00bb column_border_width=\u00bbnone\u00bb column_border_style=\u00bbsolid\u00bb][\/vc_column_inner][\/vc_row_inner][\/vc_column][\/vc_row]\n","protected":false},"excerpt":{"rendered":"<p>[vc_row type=\u00bbfull_width_content\u00bb full_screen_row_position=\u00bbmiddle\u00bb column_margin=\u00bbdefault\u00bb column_direction=\u00bbdefault\u00bb column_direction_tablet=\u00bbdefault\u00bb column_direction_phone=\u00bbdefault\u00bb scene_position=\u00bbcenter\u00bb text_color=\u00bbdark\u00bb text_align=\u00bbleft\u00bb row_border_radius=\u00bbnone\u00bb row_border_radius_applies=\u00bbbg\u00bb overflow=\u00bbvisible\u00bb overlay_strength=\u00bb0.3&#8243; gradient_direction=\u00bbleft_to_right\u00bb shape_divider_position=\u00bbbottom\u00bb bg_image_animation=\u00bbnone\u00bb gradient_type=\u00bbdefault\u00bb shape_type=\u00bb\u00bb][vc_column column_padding=\u00bbno-extra-padding\u00bb column_padding_tablet=\u00bbinherit\u00bb column_padding_phone=\u00bbinherit\u00bb column_padding_position=\u00bball\u00bb column_element_direction_desktop=\u00bbdefault\u00bb column_element_spacing=\u00bbdefault\u00bb desktop_text_alignment=\u00bbdefault\u00bb tablet_text_alignment=\u00bbdefault\u00bb phone_text_alignment=\u00bbdefault\u00bb background_color_opacity=\u00bb1&#8243; background_hover_color_opacity=\u00bb1&#8243;&#8230;<\/p>\n","protected":false},"author":1,"featured_media":0,"parent":0,"menu_order":0,"comment_status":"closed","ping_status":"closed","template":"","meta":{"footnotes":""},"class_list":["post-5571","page","type-page","status-publish"],"yoast_head":"<!-- This site is optimized with the Yoast SEO plugin v24.9 - https:\/\/yoast.com\/wordpress\/plugins\/seo\/ -->\n<title>Inicio - Fot\u00f3grafo deportivo - Manel Ruaix<\/title>\n<meta name=\"description\" content=\"Captura la acci\u00f3n y la emoci\u00f3n del deporte con nuestro fot\u00f3grafo deportivo. Especialistas en im\u00e1genes impactantes.\" \/>\n<meta name=\"robots\" content=\"index, follow, max-snippet:-1, max-image-preview:large, max-video-preview:-1\" \/>\n<link rel=\"canonical\" href=\"http:\/\/manelruaixfoto.com\/es\/\" \/>\n<meta property=\"og:locale\" content=\"es_ES\" \/>\n<meta property=\"og:type\" content=\"article\" \/>\n<meta property=\"og:title\" content=\"Inicio - Fot\u00f3grafo deportivo - Manel Ruaix\" \/>\n<meta property=\"og:description\" content=\"Captura la acci\u00f3n y la emoci\u00f3n del deporte con nuestro fot\u00f3grafo deportivo. Especialistas en im\u00e1genes impactantes.\" \/>\n<meta property=\"og:url\" content=\"http:\/\/manelruaixfoto.com\/es\/\" \/>\n<meta property=\"og:site_name\" content=\"Manel Ruaix\" \/>\n<meta property=\"article:modified_time\" content=\"2024-11-19T09:07:22+00:00\" \/>\n<meta name=\"twitter:card\" content=\"summary_large_image\" \/>\n<meta name=\"twitter:label1\" content=\"Tiempo de lectura\" \/>\n\t<meta name=\"twitter:data1\" content=\"6 minutos\" \/>\n<script type=\"application\/ld+json\" class=\"yoast-schema-graph\">{\"@context\":\"https:\/\/schema.org\",\"@graph\":[{\"@type\":\"WebPage\",\"@id\":\"http:\/\/manelruaixfoto.com\/es\/\",\"url\":\"http:\/\/manelruaixfoto.com\/es\/\",\"name\":\"Inicio - Fot\u00f3grafo deportivo - Manel Ruaix\",\"isPartOf\":{\"@id\":\"http:\/\/manelruaixfoto.com\/#website\"},\"datePublished\":\"2023-11-10T08:55:11+00:00\",\"dateModified\":\"2024-11-19T09:07:22+00:00\",\"description\":\"Captura la acci\u00f3n y la emoci\u00f3n del deporte con nuestro fot\u00f3grafo deportivo. Especialistas en im\u00e1genes impactantes.\",\"breadcrumb\":{\"@id\":\"http:\/\/manelruaixfoto.com\/es\/#breadcrumb\"},\"inLanguage\":\"es\",\"potentialAction\":[{\"@type\":\"ReadAction\",\"target\":[\"http:\/\/manelruaixfoto.com\/es\/\"]}]},{\"@type\":\"BreadcrumbList\",\"@id\":\"http:\/\/manelruaixfoto.com\/es\/#breadcrumb\",\"itemListElement\":[{\"@type\":\"ListItem\",\"position\":1,\"name\":\"Portada\",\"item\":\"http:\/\/manelruaixfoto.com\/es\/\"},{\"@type\":\"ListItem\",\"position\":2,\"name\":\"Inicio &#8211; Fot\u00f3grafo deportivo\"}]},{\"@type\":\"WebSite\",\"@id\":\"http:\/\/manelruaixfoto.com\/#website\",\"url\":\"http:\/\/manelruaixfoto.com\/\",\"name\":\"Manel Ruaix\",\"description\":\"\",\"publisher\":{\"@id\":\"http:\/\/manelruaixfoto.com\/#\/schema\/person\/ded0320ad954e29f0b411dc5a42df705\"},\"potentialAction\":[{\"@type\":\"SearchAction\",\"target\":{\"@type\":\"EntryPoint\",\"urlTemplate\":\"http:\/\/manelruaixfoto.com\/?s={search_term_string}\"},\"query-input\":{\"@type\":\"PropertyValueSpecification\",\"valueRequired\":true,\"valueName\":\"search_term_string\"}}],\"inLanguage\":\"es\"},{\"@type\":[\"Person\",\"Organization\"],\"@id\":\"http:\/\/manelruaixfoto.com\/#\/schema\/person\/ded0320ad954e29f0b411dc5a42df705\",\"name\":\"manelruaix\",\"image\":{\"@type\":\"ImageObject\",\"inLanguage\":\"es\",\"@id\":\"http:\/\/manelruaixfoto.com\/#\/schema\/person\/image\/\",\"url\":\"http:\/\/manelruaixfoto.com\/wp-content\/uploads\/2023\/11\/cropped-www.manelruaixfoto.com__L0A1628.webp\",\"contentUrl\":\"http:\/\/manelruaixfoto.com\/wp-content\/uploads\/2023\/11\/cropped-www.manelruaixfoto.com__L0A1628.webp\",\"width\":512,\"height\":512,\"caption\":\"manelruaix\"},\"logo\":{\"@id\":\"http:\/\/manelruaixfoto.com\/#\/schema\/person\/image\/\"}}]}<\/script>\n<!-- \/ Yoast SEO plugin. -->","yoast_head_json":{"title":"Inicio - Fot\u00f3grafo deportivo - Manel Ruaix","description":"Captura la acci\u00f3n y la emoci\u00f3n del deporte con nuestro fot\u00f3grafo deportivo. Especialistas en im\u00e1genes impactantes.","robots":{"index":"index","follow":"follow","max-snippet":"max-snippet:-1","max-image-preview":"max-image-preview:large","max-video-preview":"max-video-preview:-1"},"canonical":"http:\/\/manelruaixfoto.com\/es\/","og_locale":"es_ES","og_type":"article","og_title":"Inicio - Fot\u00f3grafo deportivo - Manel Ruaix","og_description":"Captura la acci\u00f3n y la emoci\u00f3n del deporte con nuestro fot\u00f3grafo deportivo. Especialistas en im\u00e1genes impactantes.","og_url":"http:\/\/manelruaixfoto.com\/es\/","og_site_name":"Manel Ruaix","article_modified_time":"2024-11-19T09:07:22+00:00","twitter_card":"summary_large_image","twitter_misc":{"Tiempo de lectura":"6 minutos"},"schema":{"@context":"https:\/\/schema.org","@graph":[{"@type":"WebPage","@id":"http:\/\/manelruaixfoto.com\/es\/","url":"http:\/\/manelruaixfoto.com\/es\/","name":"Inicio - Fot\u00f3grafo deportivo - Manel Ruaix","isPartOf":{"@id":"http:\/\/manelruaixfoto.com\/#website"},"datePublished":"2023-11-10T08:55:11+00:00","dateModified":"2024-11-19T09:07:22+00:00","description":"Captura la acci\u00f3n y la emoci\u00f3n del deporte con nuestro fot\u00f3grafo deportivo. Especialistas en im\u00e1genes impactantes.","breadcrumb":{"@id":"http:\/\/manelruaixfoto.com\/es\/#breadcrumb"},"inLanguage":"es","potentialAction":[{"@type":"ReadAction","target":["http:\/\/manelruaixfoto.com\/es\/"]}]},{"@type":"BreadcrumbList","@id":"http:\/\/manelruaixfoto.com\/es\/#breadcrumb","itemListElement":[{"@type":"ListItem","position":1,"name":"Portada","item":"http:\/\/manelruaixfoto.com\/es\/"},{"@type":"ListItem","position":2,"name":"Inicio &#8211; Fot\u00f3grafo deportivo"}]},{"@type":"WebSite","@id":"http:\/\/manelruaixfoto.com\/#website","url":"http:\/\/manelruaixfoto.com\/","name":"Manel Ruaix","description":"","publisher":{"@id":"http:\/\/manelruaixfoto.com\/#\/schema\/person\/ded0320ad954e29f0b411dc5a42df705"},"potentialAction":[{"@type":"SearchAction","target":{"@type":"EntryPoint","urlTemplate":"http:\/\/manelruaixfoto.com\/?s={search_term_string}"},"query-input":{"@type":"PropertyValueSpecification","valueRequired":true,"valueName":"search_term_string"}}],"inLanguage":"es"},{"@type":["Person","Organization"],"@id":"http:\/\/manelruaixfoto.com\/#\/schema\/person\/ded0320ad954e29f0b411dc5a42df705","name":"manelruaix","image":{"@type":"ImageObject","inLanguage":"es","@id":"http:\/\/manelruaixfoto.com\/#\/schema\/person\/image\/","url":"http:\/\/manelruaixfoto.com\/wp-content\/uploads\/2023\/11\/cropped-www.manelruaixfoto.com__L0A1628.webp","contentUrl":"http:\/\/manelruaixfoto.com\/wp-content\/uploads\/2023\/11\/cropped-www.manelruaixfoto.com__L0A1628.webp","width":512,"height":512,"caption":"manelruaix"},"logo":{"@id":"http:\/\/manelruaixfoto.com\/#\/schema\/person\/image\/"}}]}},"_links":{"self":[{"href":"http:\/\/manelruaixfoto.com\/es\/wp-json\/wp\/v2\/pages\/5571","targetHints":{"allow":["GET"]}}],"collection":[{"href":"http:\/\/manelruaixfoto.com\/es\/wp-json\/wp\/v2\/pages"}],"about":[{"href":"http:\/\/manelruaixfoto.com\/es\/wp-json\/wp\/v2\/types\/page"}],"author":[{"embeddable":true,"href":"http:\/\/manelruaixfoto.com\/es\/wp-json\/wp\/v2\/users\/1"}],"replies":[{"embeddable":true,"href":"http:\/\/manelruaixfoto.com\/es\/wp-json\/wp\/v2\/comments?post=5571"}],"version-history":[{"count":4,"href":"http:\/\/manelruaixfoto.com\/es\/wp-json\/wp\/v2\/pages\/5571\/revisions"}],"predecessor-version":[{"id":5629,"href":"http:\/\/manelruaixfoto.com\/es\/wp-json\/wp\/v2\/pages\/5571\/revisions\/5629"}],"wp:attachment":[{"href":"http:\/\/manelruaixfoto.com\/es\/wp-json\/wp\/v2\/media?parent=5571"}],"curies":[{"name":"wp","href":"https:\/\/api.w.org\/{rel}","templated":true}]}}